{"id":15,"date":"2018-09-03T19:11:29","date_gmt":"2018-09-03T19:11:29","guid":{"rendered":"https:\/\/sunway.freevision.me\/?page_id=15"},"modified":"2024-10-27T15:23:34","modified_gmt":"2024-10-27T15:23:34","slug":"ixdex01","status":"publish","type":"page","link":"https:\/\/vineapanorama.hu\/","title":{"rendered":"FrontPage 01"},"content":{"rendered":"<div class=\"wpb-content-wrapper\"><p>[vc_row full_width=&#8221;stretch_row_content_no_spaces&#8221; full_height=&#8221;yes&#8221; hue=&#8221;#ff0000&#8243;][vc_column]<div id=\"top-banner-background-1\" class=\"shortcode-mode\"><div class=\"hero-background-slider\"><div style=\"background:url(https:\/\/vineapanorama.hu\/wp-content\/uploads\/2023\/11\/20231029_061641-scaled-e1699969361657-1.jpg)\" data-title=\"Balatoni panor\u00e1ma\" data-subtitle=\"GY\u00d6NY\u00d6RK\u00d6DJ\u00d6N A NAPFELKELT\u00c9BEN &amp; NAPNYUGT\u00c1BAN\" data-link=\"#rooms\" data-linktitle=\"VIEW OUR SUITES\" data-fgcolor=\"#ffffff\"><div class=\"div_link\"><span  id=\"wofcb-2\" class=\"ozy-custom_button_w\"><a id=\"ofcb-2\" style=\"--data-bordercolor:#000000\" class=\"ozy-custom_button ocbtn-12\"  href=\"#rooms\"  target=\"_self\" >VIEW OUR SUITES<\/a><\/span><\/div><\/div><\/div><div class=\"hero-background-slider\"><div style=\"background:url(https:\/\/vineapanorama.hu\/wp-content\/uploads\/2023\/11\/IMG_9082-scaled-e1700155832188.jpg)\" data-title=\"Pihen\u00e9s\" data-subtitle=\"PIHENTET\u0150 NYUGALOM\" data-link=\"#rooms\" data-linktitle=\"SEE MORE\" data-fgcolor=\"#ffffff\"><div class=\"div_link\"><span  id=\"wofcb-3\" class=\"ozy-custom_button_w\"><a id=\"ofcb-3\" style=\"--data-bordercolor:#000000\" class=\"ozy-custom_button ocbtn-12\"  href=\"#rooms\"  target=\"_self\" >SEE MORE<\/a><\/span><\/div><\/div><\/div><div class=\"hero-background-slider\"><div style=\"background:url(https:\/\/vineapanorama.hu\/wp-content\/uploads\/2023\/11\/9-e1699985708473-1.jpg)\" data-title=\"Tradici\u00f3 &amp; Elegancia\" data-subtitle=\"TRADICION\u00c1LIS VEND\u00c9GH\u00c1Z\" data-link=\"#rooms\" data-linktitle=\"ACCOMODATION\" data-fgcolor=\"#ffffff\"><div class=\"div_link\"><span  id=\"wofcb-4\" class=\"ozy-custom_button_w\"><a id=\"ofcb-4\" style=\"--data-bordercolor:#000000\" class=\"ozy-custom_button ocbtn-12\"  href=\"#rooms\"  target=\"_self\" >ACCOMODATION<\/a><\/span><\/div><\/div><\/div><div class=\"hero-background-slider\"><div style=\"background:url(https:\/\/vineapanorama.hu\/wp-content\/uploads\/2023\/11\/8-scaled-1.jpg)\" data-title=\"Exkluz\u00edv k\u00f6rnyezet\" data-subtitle=\"KIKAPCSOL\u00d3D\u00c1S AZ EG\u00c9SZ CSAL\u00c1DNAK\" data-link=\"#rooms\" data-linktitle=\"BOOK NOW\" data-fgcolor=\"#ffffff\"><div class=\"div_link\"><span  id=\"wofcb-5\" class=\"ozy-custom_button_w\"><a id=\"ofcb-5\" style=\"--data-bordercolor:#000000\" class=\"ozy-custom_button ocbtn-12\"  href=\"#rooms\"  target=\"_self\" >BOOK NOW<\/a><\/span><\/div><\/div><\/div><div class=\"reveal-slider-caption\"><\/div><\/div>[\/vc_column][\/vc_row][vc_row content_placement=&#8221;middle&#8221; css=&#8221;.vc_custom_1542961430859{margin-top: 0px !important;margin-bottom: 0px !important;padding-top: 90px !important;padding-bottom: 60px !important;}&#8221;][vc_column width=&#8221;1\/2&#8243; zero_padding_on_mobile=&#8221;on&#8221; zero_margin_on_mobile=&#8221;on&#8221;][vc_column_text css=&#8221;.vc_custom_1729952749740{margin-bottom: 15px !important;}&#8221;]<\/p>\n<h2>Luxus pihen\u00e9s<br \/>\nExkluz\u00edv k\u00f6rnyezetben<\/h2>\n<p>[\/vc_column_text][vc_column_text]<\/p>\n<p style=\"text-align: justify;\">Narwhal yr organic umami, farm-to-table swag banh mi bespoke pok pok. Poke blue bottle neutra waistcoat, pitchfork flexitarian master cleanse air plant man bun actually kickstarter. Freegan shabby chic chartreuse, meditation XOXO scenester gentrify venmo locavore literally poutine. Try-hard occupy farm-to-table, etsy meditation godard unicorn twee sartorial subway tile venmo copper mug.<\/p>\n<p><img loading=\"lazy\" decoding=\"async\" class=\"alignnone wp-image-1804\" src=\"https:\/\/vineapanorama.hu\/wp-content\/uploads\/2018\/11\/signature.png\" alt=\"\" width=\"180\" height=\"46\" srcset=\"https:\/\/vineapanorama.hu\/wp-content\/uploads\/2018\/11\/signature.png 328w, https:\/\/vineapanorama.hu\/wp-content\/uploads\/2018\/11\/signature-300x76.png 300w\" sizes=\"auto, (max-width: 180px) 100vw, 180px\" \/><\/p>\n<p>VIKTOR FRANKLIN &#8211; MANAGER<\/p>\n<p>[\/vc_column_text][\/vc_column][vc_column width=&#8221;1\/2&#8243;][vc_single_image image=&#8221;2147&#8243; img_size=&#8221;full&#8221; alignment=&#8221;right&#8221; parallax_ratio=&#8221;1.0&#8243;][\/vc_column][\/vc_row][vc_row full_width=&#8221;stretch_row&#8221; css=&#8221;.vc_custom_1537989181048{margin-top: 0px !important;margin-bottom: 0px !important;padding-top: 80px !important;padding-bottom: 115px !important;background-color: #f7f7f7 !important;}&#8221;][vc_column][vc_row_inner content_placement=&#8221;middle&#8221; css=&#8221;.vc_custom_1537988042258{margin-top: 0px !important;margin-right: 0px !important;margin-bottom: 0px !important;margin-left: 0px !important;padding-top: 0px !important;padding-right: 0px !important;padding-bottom: 0px !important;padding-left: 0px !important;background-color: #ffffff !important;}&#8221;][vc_column_inner width=&#8221;1\/2&#8243; css=&#8221;.vc_custom_1537989443441{padding-top: 40px !important;padding-right: 15% !important;padding-bottom: 40px !important;padding-left: 15% !important;}&#8221;][vc_custom_heading text=&#8221;Lovas \u00e9s k\u00f6rny\u00e9ke &#8221; font_container=&#8221;tag:h2|text_align:center|color:%23000000&#8243; use_theme_fonts=&#8221;yes&#8221; css=&#8221;.vc_custom_1730042268482{margin-bottom: 15px !important;}&#8221;][vc_column_text]<\/p>\n<p style=\"text-align: justify;\">Autentikus lovasi borvid\u00e9k a Balatonf\u00fcredi-Csopaki r\u00e9gi\u00f3 r\u00e9sze. A lovasi hegy panor\u00e1m\u00e1ja p\u00e1ratlan, hiszen a Tihanyi f\u00e9lszigetig ell\u00e1tunk, \u00e9s a Balaton nagy r\u00e9sz\u00e9ben gy\u00f6ny\u00f6rk\u00f6dhet\u00fcnk. Vitorl\u00e1sok, naplemente, napkelte \u00e9lm\u00e9nyeit \u00e9lvezhetj\u00fck a nyugalom \u00e9s a csend t\u00e1vols\u00e1g\u00e1b\u00f3l.<\/p>\n<p>[\/vc_column_text]<span  id=\"wofcb-6\" class=\"ozy-custom_button_w\"><a id=\"ofcb-6\" style=\"--data-bordercolor:#c19b76\" class=\"ozy-custom_button ocbtn-1\"  href=\"#\"  target=\"_self\" >TOV\u00c1BBI INFORM\u00c1CI\u00d3K A T\u00c9RS\u00c9GR\u0150L<\/a><\/span>[\/vc_column_inner][vc_column_inner width=&#8221;1\/2&#8243; css=&#8221;.vc_custom_1537987996656{margin-top: 0px !important;margin-right: 0px !important;margin-bottom: 0px !important;margin-left: 0px !important;padding-top: 0px !important;padding-right: 0px !important;padding-bottom: 0px !important;padding-left: 0px !important;}&#8221;][vc_single_image image=&#8221;2137&#8243; img_size=&#8221;full&#8221; alignment=&#8221;center&#8221; css_animation=&#8221;fadeIn&#8221; parallax_ratio=&#8221;1&#8243; css=&#8221;.vc_custom_1730042072585{margin-top: 0px !important;margin-right: 0px !important;margin-bottom: 0px !important;margin-left: 0px !important;padding-top: 0px !important;padding-right: 0px !important;padding-bottom: 0px !important;padding-left: 0px !important;}&#8221;][\/vc_column_inner][\/vc_row_inner][vc_row_inner content_placement=&#8221;middle&#8221; css=&#8221;.vc_custom_1537988042258{margin-top: 0px !important;margin-right: 0px !important;margin-bottom: 0px !important;margin-left: 0px !important;padding-top: 0px !important;padding-right: 0px !important;padding-bottom: 0px !important;padding-left: 0px !important;background-color: #ffffff !important;}&#8221;][vc_column_inner width=&#8221;1\/2&#8243; css=&#8221;.vc_custom_1537988850850{margin-top: 0px !important;margin-right: 0px !important;margin-bottom: 0px !important;margin-left: 0px !important;padding-top: 0px !important;padding-right: 0px !important;padding-bottom: 0px !important;padding-left: 0px !important;}&#8221;][vc_single_image image=&#8221;2148&#8243; img_size=&#8221;full&#8221; alignment=&#8221;center&#8221; css_animation=&#8221;fadeIn&#8221; parallax_ratio=&#8221;1&#8243; css=&#8221;.vc_custom_1730042113301{margin-top: 0px !important;margin-right: 0px !important;margin-bottom: 0px !important;margin-left: 0px !important;padding-top: 0px !important;padding-right: 0px !important;padding-bottom: 0px !important;padding-left: 0px !important;}&#8221;][\/vc_column_inner][vc_column_inner width=&#8221;1\/2&#8243; css=&#8221;.vc_custom_1537989436882{padding-top: 40px !important;padding-right: 15% !important;padding-bottom: 40px !important;padding-left: 15% !important;}&#8221;][vc_custom_heading text=&#8221;\u00c9tkez\u00e9si lehet\u0151s\u00e9gek&#8221; font_container=&#8221;tag:h2|text_align:center|color:%23000000&#8243; use_theme_fonts=&#8221;yes&#8221; css=&#8221;.vc_custom_1730042091795{margin-bottom: 15px !important;}&#8221;][vc_column_text]<\/p>\n<p style=\"text-align: justify;\">A dedicated chef will prepare enticing dishes on a daily basis for guests who crave exclusive delicacies to satisfy their appetite. The menu is a la carte and based on simple, delicious Mediterranean regional produce alongside a wide array of fresh fish and fruits de mer.<\/p>\n<p style=\"text-align: justify;\">The intention is to offer Santorini&#8217;s quintessential classics as well as more indulgent treats, such as sophisticated amuse-bouches and fine gourmand selections, which are served all day long by the pool or on the private terrace of each house.<\/p>\n<p>[\/vc_column_text]<span  id=\"wofcb-7\" class=\"ozy-custom_button_w\"><a id=\"ofcb-7\" style=\"--data-bordercolor:#c19b76\" class=\"ozy-custom_button ocbtn-1\"  href=\"#\"  target=\"_self\" >EXPLORE OUR RESTAURANT<\/a><\/span>[\/vc_column_inner][\/vc_row_inner][\/vc_column][\/vc_row][vc_row full_width=&#8221;stretch_row_content_no_spaces&#8221; css=&#8221;.vc_custom_1542928222647{margin-top: 0px !important;margin-bottom: 0px !important;padding-top: 50px !important;padding-bottom: 40px !important;}&#8221; el_id=&#8221;rooms&#8221;][vc_column][vc_custom_heading text=&#8221;RELAX&#8221; font_container=&#8221;tag:p|text_align:center|color:%23c19b76&#8243; use_theme_fonts=&#8221;yes&#8221;][vc_custom_heading text=&#8221;Szob\u00e1ink&#8221; font_container=&#8221;tag:h2|text_align:center&#8221; use_theme_fonts=&#8221;yes&#8221; css=&#8221;.vc_custom_1730042204635{margin-bottom: 10px !important;}&#8221;]<div id=\"ovd-8\" class=\"ozy-vertical_divider wpb_content_element\"><span class=\"h6-size heading-font\"><\/span><\/div><div id=\"hero-post-slides-9\" class=\"hero-post-slides\">\t<div class=\"slides-cont\">\t\t<div class=\"slides wpb_content_element carousel\" data-flickity='{\"groupCells\": \"80%\", \"pageDots\": false, \"imagesLoaded\": true,  \"autoPlay\": false, \"pauseAutoPlayOnHover\": true, \"prevNextButtons\": true, \"cellAlign\": \"center\" }'><div class=\"slide carousel-cell\" style=\"background-image: url(data:image\/png;base64,R0lGODlhAQABAAD\/ACwAAAAAAQABAAACADs=);\" data-bgsrc=\"https:\/\/vineapanorama.hu\/wp-content\/uploads\/2023\/11\/IMG_9074-scaled-e1700157499790-1144x732.jpg\">\t<div class=\"number\">01<\/div>\t<div class=\"body\">\t\t<div class=\"location\">EMELETI<\/div>\t\t<div class=\"headline heading-font-family\">Emelet &#8222;Keleti&#8221; szoba<\/div>\t\t<a href=\"https:\/\/vineapanorama.hu\/index.php\/accommodation\/superior-queen\/\" target=\"_self\"><span class=\"link ozy-button auto\">View More<\/span><\/a>\t<\/div><\/div><div class=\"slide carousel-cell\" style=\"background-image: url(data:image\/png;base64,R0lGODlhAQABAAD\/ACwAAAAAAQABAAACADs=);\" data-bgsrc=\"https:\/\/vineapanorama.hu\/wp-content\/uploads\/revslider\/shutterstock_1145748266-min-1144x763.jpg\">\t<div class=\"number\">02<\/div>\t<div class=\"body\">\t\t<div class=\"location\">EMELETI<\/div>\t\t<div class=\"headline heading-font-family\">Emelet &#8222;D\u00e9li&#8221; szoba<\/div>\t\t<a href=\"https:\/\/vineapanorama.hu\/index.php\/accommodation\/superior-king\/\" target=\"_self\"><span class=\"link ozy-button auto\">View More<\/span><\/a>\t<\/div><\/div><div class=\"slide carousel-cell\" style=\"background-image: url(data:image\/png;base64,R0lGODlhAQABAAD\/ACwAAAAAAQABAAACADs=);\" data-bgsrc=\"https:\/\/vineapanorama.hu\/wp-content\/uploads\/2017\/05\/shutterstock_393916123-min-1144x644.jpg\">\t<div class=\"number\">03<\/div>\t<div class=\"body\">\t\t<div class=\"location\">EMELETI<\/div>\t\t<div class=\"headline heading-font-family\">Emelet &#8222;Nyugati&#8221; szoba<\/div>\t\t<a href=\"https:\/\/vineapanorama.hu\/index.php\/accommodation\/deluxe-queen\/\" target=\"_self\"><span class=\"link ozy-button auto\">View More<\/span><\/a>\t<\/div><\/div><div class=\"slide carousel-cell\" style=\"background-image: url(data:image\/png;base64,R0lGODlhAQABAAD\/ACwAAAAAAQABAAACADs=);\" data-bgsrc=\"https:\/\/vineapanorama.hu\/wp-content\/uploads\/2018\/10\/shutterstock_313011383-min-1144x644.jpg\">\t<div class=\"number\">04<\/div>\t<div class=\"body\">\t\t<div class=\"location\">EMELETI<\/div>\t\t<div class=\"headline heading-font-family\">F\u00f6ldszinti szoba terasszal<\/div>\t\t<a href=\"https:\/\/vineapanorama.hu\/index.php\/accommodation\/deluxe-king\/\" target=\"_self\"><span class=\"link ozy-button auto\">View More<\/span><\/a>\t<\/div><\/div><div class=\"slide carousel-cell\" style=\"background-image: url(data:image\/png;base64,R0lGODlhAQABAAD\/ACwAAAAAAQABAAACADs=);\" data-bgsrc=\"https:\/\/vineapanorama.hu\/wp-content\/uploads\/2018\/10\/shutterstock_112874218-min-1144x644.jpg\">\t<div class=\"number\">05<\/div>\t<div class=\"body\">\t\t<div class=\"location\">F\u00f6ldszinti<\/div>\t\t<div class=\"headline heading-font-family\">F\u00f6ldszini szoba terasszal<\/div>\t\t<a href=\"https:\/\/vineapanorama.hu\/index.php\/accommodation\/king-studio-suite-with-city-view-terrace\/\" target=\"_self\"><span class=\"link ozy-button auto\">View More<\/span><\/a>\t<\/div><\/div>\t\t<\/div>\t<\/div><\/div>[\/vc_column][\/vc_row]<\/p>\n<\/div>","protected":false},"excerpt":{"rendered":"<p>[vc_row full_width=&#8221;stretch_row_content_no_spaces&#8221; full_height=&#8221;yes&#8221; hue=&#8221;#ff0000&#8243;][vc_column][\/vc_column][\/vc_row][vc_row content_placement=&#8221;middle&#8221; css=&#8221;.vc_custom_1542961430859{margin-top: 0px !important;margin-bottom: 0px !important;padding-top: 90px !important;padding-bottom: 60px !important;}&#8221;][vc_column width=&#8221;1\/2&#8243; zero_padding_on_mobile=&#8221;on&#8221; zero_margin_on_mobile=&#8221;on&#8221;][vc_column_text css=&#8221;.vc_custom_1729952749740{margin-bottom: 15px !important;}&#8221;] Luxus pihen\u00e9s Exkluz\u00edv k\u00f6rnyezetben [\/vc_column_text][vc_column_text] Narwhal yr organic umami, farm-to-table [&hellip;]<\/p>\n","protected":false},"author":1,"featured_media":0,"parent":0,"menu_order":0,"comment_status":"closed","ping_status":"closed","template":"page-transparent-menu.php","meta":{"footnotes":""},"class_list":["post-15","page","type-page","status-publish","hentry","has_thumb",null],"_links":{"self":[{"href":"https:\/\/vineapanorama.hu\/index.php\/wp-json\/wp\/v2\/pages\/15","targetHints":{"allow":["GET"]}}],"collection":[{"href":"https:\/\/vineapanorama.hu\/index.php\/wp-json\/wp\/v2\/pages"}],"about":[{"href":"https:\/\/vineapanorama.hu\/index.php\/wp-json\/wp\/v2\/types\/page"}],"author":[{"embeddable":true,"href":"https:\/\/vineapanorama.hu\/index.php\/wp-json\/wp\/v2\/users\/1"}],"replies":[{"embeddable":true,"href":"https:\/\/vineapanorama.hu\/index.php\/wp-json\/wp\/v2\/comments?post=15"}],"version-history":[{"count":8,"href":"https:\/\/vineapanorama.hu\/index.php\/wp-json\/wp\/v2\/pages\/15\/revisions"}],"predecessor-version":[{"id":2150,"href":"https:\/\/vineapanorama.hu\/index.php\/wp-json\/wp\/v2\/pages\/15\/revisions\/2150"}],"wp:attachment":[{"href":"https:\/\/vineapanorama.hu\/index.php\/wp-json\/wp\/v2\/media?parent=15"}],"curies":[{"name":"wp","href":"https:\/\/api.w.org\/{rel}","templated":true}]}}