{"id":573,"date":"2017-05-16T14:00:39","date_gmt":"2017-05-16T14:00:39","guid":{"rendered":"http:\/\/themes.getmotopress.com\/oceanica\/?page_id=41"},"modified":"2017-05-16T14:00:39","modified_gmt":"2017-05-16T14:00:39","slug":"services","status":"publish","type":"page","link":"https:\/\/vineapanorama.hu\/index.php\/nyitolap\/services\/","title":{"rendered":"Hotel Services"},"content":{"rendered":"<div class=\"mphb_sc_services-wrapper \"><div class=\"mphb-service post-31 mphb_room_service type-mphb_room_service status-publish has-post-thumbnail has_thumb \">\n\n\t\n\n\t<p class=\"mphb-loop-service-thumbnail\">\n\t<img loading=\"lazy\" decoding=\"async\" width=\"1920\" height=\"1080\" src=\"https:\/\/vineapanorama.hu\/wp-content\/uploads\/2018\/10\/shutterstock_440440984.jpg\" class=\"attachment-post-thumbnail size-post-thumbnail wp-post-image\" alt=\"\" srcset=\"https:\/\/vineapanorama.hu\/wp-content\/uploads\/2018\/10\/shutterstock_440440984.jpg 1920w, https:\/\/vineapanorama.hu\/wp-content\/uploads\/2018\/10\/shutterstock_440440984-300x169.jpg 300w, https:\/\/vineapanorama.hu\/wp-content\/uploads\/2018\/10\/shutterstock_440440984-1024x576.jpg 1024w, https:\/\/vineapanorama.hu\/wp-content\/uploads\/2018\/10\/shutterstock_440440984-768x432.jpg 768w, https:\/\/vineapanorama.hu\/wp-content\/uploads\/2018\/10\/shutterstock_440440984-1536x864.jpg 1536w, https:\/\/vineapanorama.hu\/wp-content\/uploads\/2018\/10\/shutterstock_440440984-1144x644.jpg 1144w\" sizes=\"auto, (max-width: 1920px) 100vw, 1920px\" \/>\n\t<\/p>\n\t\n<h2 class=\"mphb-service-title\">\n<a href=\"https:\/\/vineapanorama.hu\/index.php\/services\/massage\/\">Massage<\/a>\n<\/h2>\n\n<p>Lorem ipsum dolor amet swag occupy portland lomo pok pok hashtag helvetica meditation photo booth. Brooklyn tattooed YOLO, jianbing woke etsy 8-bit scenester man bun. Ramps photo booth chambray, bushwick [&hellip;]<\/p>\n\n\n<p class=\"mphb-price-wrapper\"><strong>\u00c1r:<\/strong>\n<span class=\"mphb-price\"><span class=\"mphb-currency\">&#036;<\/span>10<\/span> \/ Egyszer \/ Sz\u00e1ll\u00e1shelyk\u00e9nt\n<\/p>\n<\/div>\n<div class=\"mphb-service post-221 mphb_room_service type-mphb_room_service status-publish has-post-thumbnail has_thumb odd mphb-service-pay-per-adult\">\n\n\t\n\n\t<p class=\"mphb-loop-service-thumbnail\">\n\t<img loading=\"lazy\" decoding=\"async\" width=\"1920\" height=\"1200\" src=\"https:\/\/vineapanorama.hu\/wp-content\/uploads\/2017\/05\/shutterstock_448640203-min.jpg\" class=\"attachment-post-thumbnail size-post-thumbnail wp-post-image\" alt=\"\" srcset=\"https:\/\/vineapanorama.hu\/wp-content\/uploads\/2017\/05\/shutterstock_448640203-min.jpg 1920w, https:\/\/vineapanorama.hu\/wp-content\/uploads\/2017\/05\/shutterstock_448640203-min-300x188.jpg 300w, https:\/\/vineapanorama.hu\/wp-content\/uploads\/2017\/05\/shutterstock_448640203-min-1024x640.jpg 1024w, https:\/\/vineapanorama.hu\/wp-content\/uploads\/2017\/05\/shutterstock_448640203-min-768x480.jpg 768w, https:\/\/vineapanorama.hu\/wp-content\/uploads\/2017\/05\/shutterstock_448640203-min-1536x960.jpg 1536w, https:\/\/vineapanorama.hu\/wp-content\/uploads\/2017\/05\/shutterstock_448640203-min-1144x715.jpg 1144w\" sizes=\"auto, (max-width: 1920px) 100vw, 1920px\" \/>\n\t<\/p>\n\t\n<h2 class=\"mphb-service-title\">\n<a href=\"https:\/\/vineapanorama.hu\/index.php\/services\/spa-treatments\/\">Spa Treatments<\/a>\n<\/h2>\n\n<p>Sunway Hotel opens the door to one of the most professional spa worlds: we&#8217;ve created an entire small spa center inside our hotel to deliver unique and popular spa services [&hellip;]<\/p>\n\n\n<p class=\"mphb-price-wrapper\"><strong>\u00c1r:<\/strong>\n<span class=\"mphb-price\"><span class=\"mphb-currency\">&#036;<\/span>120<\/span> \/ Egyszer \/ Fejenk\u00e9nt\n<\/p>\n<\/div>\n<div class=\"mphb-service post-222 mphb_room_service type-mphb_room_service status-publish has-post-thumbnail has_thumb even mphb-service-pay-per-adult mphb-service-pay-per-night\">\n\n\t\n\n\t<p class=\"mphb-loop-service-thumbnail\">\n\t<img loading=\"lazy\" decoding=\"async\" width=\"1500\" height=\"680\" src=\"https:\/\/vineapanorama.hu\/wp-content\/uploads\/2018\/10\/shutterstock_337161530.jpg\" class=\"attachment-post-thumbnail size-post-thumbnail wp-post-image\" alt=\"\" srcset=\"https:\/\/vineapanorama.hu\/wp-content\/uploads\/2018\/10\/shutterstock_337161530.jpg 1500w, https:\/\/vineapanorama.hu\/wp-content\/uploads\/2018\/10\/shutterstock_337161530-300x136.jpg 300w, https:\/\/vineapanorama.hu\/wp-content\/uploads\/2018\/10\/shutterstock_337161530-1024x464.jpg 1024w, https:\/\/vineapanorama.hu\/wp-content\/uploads\/2018\/10\/shutterstock_337161530-768x348.jpg 768w, https:\/\/vineapanorama.hu\/wp-content\/uploads\/2018\/10\/shutterstock_337161530-1144x519.jpg 1144w\" sizes=\"auto, (max-width: 1500px) 100vw, 1500px\" \/>\n\t<\/p>\n\t\n<h2 class=\"mphb-service-title\">\n<a href=\"https:\/\/vineapanorama.hu\/index.php\/services\/fitness-center\/\">Fitness Center<\/a>\n<\/h2>\n\n<p>Staying active even during your vacation? We can help you continue your workout by schedule, and in the best conditions! Our fully armed fitness center is one of the biggest [&hellip;]<\/p>\n\n\n<p class=\"mphb-price-wrapper\"><strong>\u00c1r:<\/strong>\n<span class=\"mphb-price\"><span class=\"mphb-currency\">&#036;<\/span>50<\/span> \/ Naponta \/ Fejenk\u00e9nt\n<\/p>\n<\/div>\n<div class=\"mphb-service post-223 mphb_room_service type-mphb_room_service status-publish has-post-thumbnail has_thumb odd mphb-service-pay-per-adult\">\n\n\t\n\n\t<p class=\"mphb-loop-service-thumbnail\">\n\t<img loading=\"lazy\" decoding=\"async\" width=\"1600\" height=\"900\" src=\"https:\/\/vineapanorama.hu\/wp-content\/uploads\/2017\/05\/joseph-greve-min.jpg\" class=\"attachment-post-thumbnail size-post-thumbnail wp-post-image\" alt=\"\" srcset=\"https:\/\/vineapanorama.hu\/wp-content\/uploads\/2017\/05\/joseph-greve-min.jpg 1600w, https:\/\/vineapanorama.hu\/wp-content\/uploads\/2017\/05\/joseph-greve-min-300x169.jpg 300w, https:\/\/vineapanorama.hu\/wp-content\/uploads\/2017\/05\/joseph-greve-min-1024x576.jpg 1024w, https:\/\/vineapanorama.hu\/wp-content\/uploads\/2017\/05\/joseph-greve-min-768x432.jpg 768w, https:\/\/vineapanorama.hu\/wp-content\/uploads\/2017\/05\/joseph-greve-min-1536x864.jpg 1536w, https:\/\/vineapanorama.hu\/wp-content\/uploads\/2017\/05\/joseph-greve-min-1144x644.jpg 1144w\" sizes=\"auto, (max-width: 1600px) 100vw, 1600px\" \/>\n\t<\/p>\n\t\n<h2 class=\"mphb-service-title\">\n<a href=\"https:\/\/vineapanorama.hu\/index.php\/services\/surf-lesson\/\">Surf Lesson<\/a>\n<\/h2>\n\n<p>Come surf our beautiful beaches! It&#8217;s right next to your hotel bedroom window! Among a variety of watersports, surfing is what newbies and advanced surfers are looking for. And we [&hellip;]<\/p>\n\n\n<p class=\"mphb-price-wrapper\"><strong>\u00c1r:<\/strong>\n<span class=\"mphb-price\"><span class=\"mphb-currency\">&#036;<\/span>55<\/span> \/ Egyszer \/ Fejenk\u00e9nt\n<\/p>\n<\/div>\n<div class=\"mphb-service post-225 mphb_room_service type-mphb_room_service status-publish has-post-thumbnail has_thumb even mphb-service-free\">\n\n\t\n\n\t<p class=\"mphb-loop-service-thumbnail\">\n\t<img loading=\"lazy\" decoding=\"async\" width=\"1600\" height=\"900\" src=\"https:\/\/vineapanorama.hu\/wp-content\/uploads\/2017\/05\/valet-parking-min.jpg\" class=\"attachment-post-thumbnail size-post-thumbnail wp-post-image\" alt=\"\" srcset=\"https:\/\/vineapanorama.hu\/wp-content\/uploads\/2017\/05\/valet-parking-min.jpg 1600w, https:\/\/vineapanorama.hu\/wp-content\/uploads\/2017\/05\/valet-parking-min-300x169.jpg 300w, https:\/\/vineapanorama.hu\/wp-content\/uploads\/2017\/05\/valet-parking-min-1024x576.jpg 1024w, https:\/\/vineapanorama.hu\/wp-content\/uploads\/2017\/05\/valet-parking-min-768x432.jpg 768w, https:\/\/vineapanorama.hu\/wp-content\/uploads\/2017\/05\/valet-parking-min-1536x864.jpg 1536w, https:\/\/vineapanorama.hu\/wp-content\/uploads\/2017\/05\/valet-parking-min-1144x644.jpg 1144w\" sizes=\"auto, (max-width: 1600px) 100vw, 1600px\" \/>\n\t<\/p>\n\t\n<h2 class=\"mphb-service-title\">\n<a href=\"https:\/\/vineapanorama.hu\/index.php\/services\/parking-service\/\">Parking Service<\/a>\n<\/h2>\n\n<p>It&#8217;s hard to find a good parking zone or garages in our crowded area, but we managed to do it for you. However, you&#8217;ll need to pay a small fee [&hellip;]<\/p>\n\n\n<p class=\"mphb-price-wrapper\"><strong>\u00c1r:<\/strong>\n<span class=\"mphb-price\">Ingyenes<\/span>\n<\/p>\n<\/div>\n<\/div>\n","protected":false},"excerpt":{"rendered":"<p>Any service to your liking. You can pre-order it when booking a room<\/p>\n","protected":false},"author":1,"featured_media":0,"parent":649,"menu_order":0,"comment_status":"closed","ping_status":"closed","template":"","meta":{"footnotes":""},"class_list":["post-573","page","type-page","status-publish","hentry","has_thumb","odd"],"_links":{"self":[{"href":"https:\/\/vineapanorama.hu\/index.php\/wp-json\/wp\/v2\/pages\/573","targetHints":{"allow":["GET"]}}],"collection":[{"href":"https:\/\/vineapanorama.hu\/index.php\/wp-json\/wp\/v2\/pages"}],"about":[{"href":"https:\/\/vineapanorama.hu\/index.php\/wp-json\/wp\/v2\/types\/page"}],"author":[{"embeddable":true,"href":"https:\/\/vineapanorama.hu\/index.php\/wp-json\/wp\/v2\/users\/1"}],"replies":[{"embeddable":true,"href":"https:\/\/vineapanorama.hu\/index.php\/wp-json\/wp\/v2\/comments?post=573"}],"version-history":[{"count":0,"href":"https:\/\/vineapanorama.hu\/index.php\/wp-json\/wp\/v2\/pages\/573\/revisions"}],"up":[{"embeddable":true,"href":"https:\/\/vineapanorama.hu\/index.php\/wp-json\/wp\/v2\/pages\/649"}],"wp:attachment":[{"href":"https:\/\/vineapanorama.hu\/index.php\/wp-json\/wp\/v2\/media?parent=573"}],"curies":[{"name":"wp","href":"https:\/\/api.w.org\/{rel}","templated":true}]}}